{"id":13032,"date":"2024-05-23T16:48:41","date_gmt":"2024-05-23T16:48:41","guid":{"rendered":"https:\/\/www.womenwagepeace.org.il\/en\/?page_id=13032"},"modified":"2024-08-28T16:04:52","modified_gmt":"2024-08-28T16:04:52","slug":"kontakt","status":"publish","type":"page","link":"https:\/\/www.womenwagepeace.org.il\/en\/international-support\/kontakt\/","title":{"rendered":"Kontakt"},"content":{"rendered":"\t\t<div data-elementor-type=\"wp-page\" data-elementor-id=\"13032\" class=\"elementor elementor-13032\" data-elementor-post-type=\"page\">\n\t\t\t\t\t\t<section class=\"elementor-section elementor-top-section elementor-element elementor-element-066d8cd elementor-section-boxed elementor-section-height-default elementor-section-height-default\" data-id=\"066d8cd\" data-element_type=\"section\">\n\t\t\t\t\t\t<div class=\"elementor-container elementor-column-gap-default\">\n\t\t\t\t\t<div class=\"elementor-column elementor-col-100 elementor-top-column elementor-element elementor-element-6645ffc\" data-id=\"6645ffc\" data-element_type=\"column\">\n\t\t\t<div class=\"elementor-widget-wrap elementor-element-populated\">\n\t\t\t\t\t\t<div class=\"elementor-element elementor-element-b7933fe elementor-widget elementor-widget-text-editor\" data-id=\"b7933fe\" data-element_type=\"widget\" data-widget_type=\"text-editor.default\">\n\t\t\t\t<div class=\"elementor-widget-container\">\n\t\t\t<style>\/*! elementor - v3.20.0 - 26-03-2024 *\/\n.elementor-widget-text-editor.elementor-drop-cap-view-stacked .elementor-drop-cap{background-color:#69727d;color:#fff}.elementor-widget-text-editor.elementor-drop-cap-view-framed .elementor-drop-cap{color:#69727d;border:3px solid;background-color:transparent}.elementor-widget-text-editor:not(.elementor-drop-cap-view-default) .elementor-drop-cap{margin-top:8px}.elementor-widget-text-editor:not(.elementor-drop-cap-view-default) .elementor-drop-cap-letter{width:1em;height:1em}.elementor-widget-text-editor .elementor-drop-cap{float:left;text-align:center;line-height:1;font-size:50px}.elementor-widget-text-editor .elementor-drop-cap-letter{display:inline-block}<\/style>\t\t\t\t<p><span style=\"font-weight: 400;\">F\u00fcr weitere Informationen melde dich gerne bei:<\/span><\/p><p><span style=\"font-weight: 400;\">Jana Kaiser\u00a0 \u00a0 <a href=\"mailto:kaiser-darmstadt@t-online.de\" target=\"_blank\" rel=\"noopener\">kaiser-darmstadt@t-online.de<\/a><\/span><\/p><p><span style=\"font-weight: 400;\">Gabriele Elmendorf\u00a0 \u00a0 \u00a0 <\/span><a href=\"mailto:g.elmendorf@gmx.de\"><span style=\"font-weight: 400;\">g.elmendorf@gmx.de<\/span><\/a><span style=\"font-weight: 400;\">\u00a0<\/span><\/p><p>\u00a0<\/p><p><a href=\"https:\/\/www.womenwagepeace.org.il\/en\/mothers-call\/\"><b>Link zum Mothers Call:<\/b><\/a><\/p><p><b>Verf\u00fcgbar in Deutsch, Englisch, Spanisch, Franz\u00f6sisch, Italienisch, Portugiesisch, Hebr\u00e4isch und Arabisch mit der M\u00f6glichkeit zum Unterschreiben.<\/b><\/p>\t\t\t\t\t\t<\/div>\n\t\t\t\t<\/div>\n\t\t\t\t\t<\/div>\n\t\t<\/div>\n\t\t\t\t\t<\/div>\n\t\t<\/section>\n\t\t\t\t<\/div>\n\t\t","protected":false},"excerpt":{"rendered":"<p>F\u00fcr weitere Informationen melde dich gerne bei: Jana Kaiser\u00a0 \u00a0 kaiser-darmstadt@t-online.de Gabriele Elmendorf\u00a0 \u00a0 \u00a0 g.elmendorf@gmx.de\u00a0 \u00a0 Link zum Mothers Call: Verf\u00fcgbar in Deutsch, Englisch, Spanisch, Franz\u00f6sisch, Italienisch, Portugiesisch, Hebr\u00e4isch und Arabisch mit der M\u00f6glichkeit zum Unterschreiben.<\/p>\n","protected":false},"author":2,"featured_media":13104,"parent":322,"menu_order":6,"comment_status":"closed","ping_status":"closed","template":"","meta":[],"yoast_head":"<!-- This site is optimized with the Yoast SEO plugin v20.0 - https:\/\/yoast.com\/wordpress\/plugins\/seo\/ -->\n<title>Kontakt - Women Wage Peace<\/title>\n<meta name=\"robots\" content=\"index, follow, max-snippet:-1, max-image-preview:large, max-video-preview:-1\" \/>\n<link rel=\"canonical\" href=\"https:\/\/www.womenwagepeace.org.il\/en\/international-support\/kontakt\/\" \/>\n<meta property=\"og:locale\" content=\"en_US\" \/>\n<meta property=\"og:type\" content=\"article\" \/>\n<meta property=\"og:title\" content=\"Kontakt - Women Wage Peace\" \/>\n<meta property=\"og:description\" content=\"F\u00fcr weitere Informationen melde dich gerne bei: Jana Kaiser\u00a0 \u00a0 kaiser-darmstadt@t-online.de Gabriele Elmendorf\u00a0 \u00a0 \u00a0 g.elmendorf@gmx.de\u00a0 \u00a0 Link zum Mothers Call: Verf\u00fcgbar in Deutsch, Englisch, Spanisch, Franz\u00f6sisch, Italienisch, Portugiesisch, Hebr\u00e4isch und Arabisch mit der M\u00f6glichkeit zum Unterschreiben.\" \/>\n<meta property=\"og:url\" content=\"https:\/\/www.womenwagepeace.org.il\/en\/international-support\/kontakt\/\" \/>\n<meta property=\"og:site_name\" content=\"Women Wage Peace\" \/>\n<meta property=\"article:publisher\" content=\"https:\/\/www.facebook.com\/womenwagepeaceenglish\/\" \/>\n<meta property=\"article:modified_time\" content=\"2024-08-28T16:04:52+00:00\" \/>\n<meta property=\"og:image\" content=\"https:\/\/www.womenwagepeace.org.il\/en\/wp-content\/uploads\/Picture2.jpg\" \/>\n\t<meta property=\"og:image:width\" content=\"2108\" \/>\n\t<meta property=\"og:image:height\" content=\"1187\" \/>\n\t<meta property=\"og:image:type\" content=\"image\/jpeg\" \/>\n<meta name=\"twitter:card\" content=\"summary_large_image\" \/>\n<meta name=\"twitter:site\" content=\"@WomenWagePeace\" \/>\n<meta name=\"twitter:label1\" content=\"Est. reading time\" \/>\n\t<meta name=\"twitter:data1\" content=\"1 minute\" \/>\n<script type=\"application\/ld+json\" class=\"yoast-schema-graph\">{\"@context\":\"https:\/\/schema.org\",\"@graph\":[{\"@type\":\"WebPage\",\"@id\":\"https:\/\/www.womenwagepeace.org.il\/en\/international-support\/kontakt\/\",\"url\":\"https:\/\/www.womenwagepeace.org.il\/en\/international-support\/kontakt\/\",\"name\":\"Kontakt - Women Wage Peace\",\"isPartOf\":{\"@id\":\"https:\/\/www.womenwagepeace.org.il\/en\/#website\"},\"datePublished\":\"2024-05-23T16:48:41+00:00\",\"dateModified\":\"2024-08-28T16:04:52+00:00\",\"breadcrumb\":{\"@id\":\"https:\/\/www.womenwagepeace.org.il\/en\/international-support\/kontakt\/#breadcrumb\"},\"inLanguage\":\"en\",\"potentialAction\":[{\"@type\":\"ReadAction\",\"target\":[\"https:\/\/www.womenwagepeace.org.il\/en\/international-support\/kontakt\/\"]}]},{\"@type\":\"BreadcrumbList\",\"@id\":\"https:\/\/www.womenwagepeace.org.il\/en\/international-support\/kontakt\/#breadcrumb\",\"itemListElement\":[{\"@type\":\"ListItem\",\"position\":1,\"name\":\"Home\",\"item\":\"https:\/\/www.womenwagepeace.org.il\/en\/\"},{\"@type\":\"ListItem\",\"position\":2,\"name\":\"International Support\",\"item\":\"https:\/\/www.womenwagepeace.org.il\/en\/international-support\/\"},{\"@type\":\"ListItem\",\"position\":3,\"name\":\"Kontakt\"}]},{\"@type\":\"WebSite\",\"@id\":\"https:\/\/www.womenwagepeace.org.il\/en\/#website\",\"url\":\"https:\/\/www.womenwagepeace.org.il\/en\/\",\"name\":\"Women Wage Peace\",\"description\":\"English website\",\"publisher\":{\"@id\":\"https:\/\/www.womenwagepeace.org.il\/en\/#organization\"},\"potentialAction\":[{\"@type\":\"SearchAction\",\"target\":{\"@type\":\"EntryPoint\",\"urlTemplate\":\"https:\/\/www.womenwagepeace.org.il\/en\/?s={search_term_string}\"},\"query-input\":\"required name=search_term_string\"}],\"inLanguage\":\"en\"},{\"@type\":\"Organization\",\"@id\":\"https:\/\/www.womenwagepeace.org.il\/en\/#organization\",\"name\":\"Women Wage Peace\",\"url\":\"https:\/\/www.womenwagepeace.org.il\/en\/\",\"logo\":{\"@type\":\"ImageObject\",\"inLanguage\":\"en\",\"@id\":\"https:\/\/www.womenwagepeace.org.il\/en\/#\/schema\/logo\/image\/\",\"url\":\"https:\/\/www.womenwagepeace.org.il\/en\/wp-content\/uploads\/logo.png\",\"contentUrl\":\"https:\/\/www.womenwagepeace.org.il\/en\/wp-content\/uploads\/logo.png\",\"width\":242,\"height\":108,\"caption\":\"Women Wage Peace\"},\"image\":{\"@id\":\"https:\/\/www.womenwagepeace.org.il\/en\/#\/schema\/logo\/image\/\"},\"sameAs\":[\"https:\/\/www.facebook.com\/womenwagepeaceenglish\/\",\"https:\/\/twitter.com\/WomenWagePeace\"]}]}<\/script>\n<!-- \/ Yoast SEO plugin. -->","yoast_head_json":{"title":"Kontakt - Women Wage Peace","robots":{"index":"index","follow":"follow","max-snippet":"max-snippet:-1","max-image-preview":"max-image-preview:large","max-video-preview":"max-video-preview:-1"},"canonical":"https:\/\/www.womenwagepeace.org.il\/en\/international-support\/kontakt\/","og_locale":"en_US","og_type":"article","og_title":"Kontakt - Women Wage Peace","og_description":"F\u00fcr weitere Informationen melde dich gerne bei: Jana Kaiser\u00a0 \u00a0 kaiser-darmstadt@t-online.de Gabriele Elmendorf\u00a0 \u00a0 \u00a0 g.elmendorf@gmx.de\u00a0 \u00a0 Link zum Mothers Call: Verf\u00fcgbar in Deutsch, Englisch, Spanisch, Franz\u00f6sisch, Italienisch, Portugiesisch, Hebr\u00e4isch und Arabisch mit der M\u00f6glichkeit zum Unterschreiben.","og_url":"https:\/\/www.womenwagepeace.org.il\/en\/international-support\/kontakt\/","og_site_name":"Women Wage Peace","article_publisher":"https:\/\/www.facebook.com\/womenwagepeaceenglish\/","article_modified_time":"2024-08-28T16:04:52+00:00","og_image":[{"width":2108,"height":1187,"url":"https:\/\/www.womenwagepeace.org.il\/en\/wp-content\/uploads\/Picture2.jpg","type":"image\/jpeg"}],"twitter_card":"summary_large_image","twitter_site":"@WomenWagePeace","twitter_misc":{"Est. reading time":"1 minute"},"schema":{"@context":"https:\/\/schema.org","@graph":[{"@type":"WebPage","@id":"https:\/\/www.womenwagepeace.org.il\/en\/international-support\/kontakt\/","url":"https:\/\/www.womenwagepeace.org.il\/en\/international-support\/kontakt\/","name":"Kontakt - Women Wage Peace","isPartOf":{"@id":"https:\/\/www.womenwagepeace.org.il\/en\/#website"},"datePublished":"2024-05-23T16:48:41+00:00","dateModified":"2024-08-28T16:04:52+00:00","breadcrumb":{"@id":"https:\/\/www.womenwagepeace.org.il\/en\/international-support\/kontakt\/#breadcrumb"},"inLanguage":"en","potentialAction":[{"@type":"ReadAction","target":["https:\/\/www.womenwagepeace.org.il\/en\/international-support\/kontakt\/"]}]},{"@type":"BreadcrumbList","@id":"https:\/\/www.womenwagepeace.org.il\/en\/international-support\/kontakt\/#breadcrumb","itemListElement":[{"@type":"ListItem","position":1,"name":"Home","item":"https:\/\/www.womenwagepeace.org.il\/en\/"},{"@type":"ListItem","position":2,"name":"International Support","item":"https:\/\/www.womenwagepeace.org.il\/en\/international-support\/"},{"@type":"ListItem","position":3,"name":"Kontakt"}]},{"@type":"WebSite","@id":"https:\/\/www.womenwagepeace.org.il\/en\/#website","url":"https:\/\/www.womenwagepeace.org.il\/en\/","name":"Women Wage Peace","description":"English website","publisher":{"@id":"https:\/\/www.womenwagepeace.org.il\/en\/#organization"},"potentialAction":[{"@type":"SearchAction","target":{"@type":"EntryPoint","urlTemplate":"https:\/\/www.womenwagepeace.org.il\/en\/?s={search_term_string}"},"query-input":"required name=search_term_string"}],"inLanguage":"en"},{"@type":"Organization","@id":"https:\/\/www.womenwagepeace.org.il\/en\/#organization","name":"Women Wage Peace","url":"https:\/\/www.womenwagepeace.org.il\/en\/","logo":{"@type":"ImageObject","inLanguage":"en","@id":"https:\/\/www.womenwagepeace.org.il\/en\/#\/schema\/logo\/image\/","url":"https:\/\/www.womenwagepeace.org.il\/en\/wp-content\/uploads\/logo.png","contentUrl":"https:\/\/www.womenwagepeace.org.il\/en\/wp-content\/uploads\/logo.png","width":242,"height":108,"caption":"Women Wage Peace"},"image":{"@id":"https:\/\/www.womenwagepeace.org.il\/en\/#\/schema\/logo\/image\/"},"sameAs":["https:\/\/www.facebook.com\/womenwagepeaceenglish\/","https:\/\/twitter.com\/WomenWagePeace"]}]}},"_links":{"self":[{"href":"https:\/\/www.womenwagepeace.org.il\/en\/wp-json\/wp\/v2\/pages\/13032"}],"collection":[{"href":"https:\/\/www.womenwagepeace.org.il\/en\/wp-json\/wp\/v2\/pages"}],"about":[{"href":"https:\/\/www.womenwagepeace.org.il\/en\/wp-json\/wp\/v2\/types\/page"}],"author":[{"embeddable":true,"href":"https:\/\/www.womenwagepeace.org.il\/en\/wp-json\/wp\/v2\/users\/2"}],"replies":[{"embeddable":true,"href":"https:\/\/www.womenwagepeace.org.il\/en\/wp-json\/wp\/v2\/comments?post=13032"}],"version-history":[{"count":11,"href":"https:\/\/www.womenwagepeace.org.il\/en\/wp-json\/wp\/v2\/pages\/13032\/revisions"}],"predecessor-version":[{"id":13395,"href":"https:\/\/www.womenwagepeace.org.il\/en\/wp-json\/wp\/v2\/pages\/13032\/revisions\/13395"}],"up":[{"embeddable":true,"href":"https:\/\/www.womenwagepeace.org.il\/en\/wp-json\/wp\/v2\/pages\/322"}],"wp:featuredmedia":[{"embeddable":true,"href":"https:\/\/www.womenwagepeace.org.il\/en\/wp-json\/wp\/v2\/media\/13104"}],"wp:attachment":[{"href":"https:\/\/www.womenwagepeace.org.il\/en\/wp-json\/wp\/v2\/media?parent=13032"}],"curies":[{"name":"wp","href":"https:\/\/api.w.org\/{rel}","templated":true}]}}