{"id":12996,"date":"2024-05-23T16:00:35","date_gmt":"2024-05-23T16:00:35","guid":{"rendered":"https:\/\/www.womenwagepeace.org.il\/en\/?page_id=12996"},"modified":"2024-08-28T16:07:49","modified_gmt":"2024-08-28T16:07:49","slug":"regionalgruppen","status":"publish","type":"page","link":"https:\/\/www.womenwagepeace.org.il\/en\/international-support\/regionalgruppen\/","title":{"rendered":"Regionalgruppen"},"content":{"rendered":"\t\t<div data-elementor-type=\"wp-page\" data-elementor-id=\"12996\" class=\"elementor elementor-12996\" data-elementor-post-type=\"page\">\n\t\t\t\t\t\t<section class=\"elementor-section elementor-top-section elementor-element elementor-element-5eeefc9 elementor-section-boxed elementor-section-height-default elementor-section-height-default\" data-id=\"5eeefc9\" data-element_type=\"section\">\n\t\t\t\t\t\t<div class=\"elementor-container elementor-column-gap-default\">\n\t\t\t\t\t<div class=\"elementor-column elementor-col-100 elementor-top-column elementor-element elementor-element-93a928d\" data-id=\"93a928d\" data-element_type=\"column\">\n\t\t\t<div class=\"elementor-widget-wrap elementor-element-populated\">\n\t\t\t\t\t\t<div class=\"elementor-element elementor-element-ca7a5d2 elementor-widget elementor-widget-text-editor\" data-id=\"ca7a5d2\" data-element_type=\"widget\" data-widget_type=\"text-editor.default\">\n\t\t\t\t<div class=\"elementor-widget-container\">\n\t\t\t<style>\/*! elementor - v3.20.0 - 26-03-2024 *\/\n.elementor-widget-text-editor.elementor-drop-cap-view-stacked .elementor-drop-cap{background-color:#69727d;color:#fff}.elementor-widget-text-editor.elementor-drop-cap-view-framed .elementor-drop-cap{color:#69727d;border:3px solid;background-color:transparent}.elementor-widget-text-editor:not(.elementor-drop-cap-view-default) .elementor-drop-cap{margin-top:8px}.elementor-widget-text-editor:not(.elementor-drop-cap-view-default) .elementor-drop-cap-letter{width:1em;height:1em}.elementor-widget-text-editor .elementor-drop-cap{float:left;text-align:center;line-height:1;font-size:50px}.elementor-widget-text-editor .elementor-drop-cap-letter{display:inline-block}<\/style>\t\t\t\t<p><span style=\"font-weight: 400;\">Mittlerweile gibt es 6 verschieden Regionalgruppen, in denen Frauen sich vernetzen und sich virtuell oder pers\u00f6nlich vor Ort austauschen. Es werden gemeinsame Aktivit\u00e4ten geplant und so ein enges pers\u00f6nliches Netz gekn\u00fcpft.<\/span><\/p><p><span style=\"font-weight: 400;\">In Deutschland gibt es die Regionalgruppen Osten, S\u00fcden, Westen, Norden und Mitte. Wir sind bisher in folgenden St\u00e4dten vertreten:<\/span><\/p><p><b>Osten:<\/b><span style=\"font-weight: 400;\"> Berlin, Leipzig<\/span><\/p><p><b>S\u00fcden:<\/b><span style=\"font-weight: 400;\"> M\u00fcnchen, Ulm, N\u00fcrnberg, Karlsruhe, Kempten, T\u00fcbingen, Villingen, Memmingen<\/span><\/p><p><b>Westen: <\/b><span style=\"font-weight: 400;\">V\u00f6lklingen, Darmstadt, Wiesbaden, Blankenheim, Bonn, Duisburg, Dortmund, Essen<\/span><\/p><p><b>Norden:<\/b><span style=\"font-weight: 400;\"> Kiel, Fischerhude, Hannover, Danneberg, Osterbruch, L\u00fcneburg, Gro\u00df-Serau (bei L\u00fcbeck)<\/span><\/p><p><b>Mitte:<\/b><span style=\"font-weight: 400;\"> Witzenhausen, Kassel, Detmold, Bad Wildungen, Bad Zwesten, Edertal, G\u00f6ttingen<\/span><\/p><p><b>Die Regionalgruppe Schweiz<\/b><span style=\"font-weight: 400;\"> ist in folgenden St\u00e4dten zu finden: Basel, Bern, Z\u00fcrch<\/span><\/p>\t\t\t\t\t\t<\/div>\n\t\t\t\t<\/div>\n\t\t\t\t\t<\/div>\n\t\t<\/div>\n\t\t\t\t\t<\/div>\n\t\t<\/section>\n\t\t\t\t<\/div>\n\t\t","protected":false},"excerpt":{"rendered":"<p>Mittlerweile gibt es 6 verschieden Regionalgruppen, in denen Frauen sich vernetzen und sich virtuell oder pers\u00f6nlich vor Ort austauschen. Es werden gemeinsame Aktivit\u00e4ten geplant und so ein enges pers\u00f6nliches Netz gekn\u00fcpft. In Deutschland gibt es die Regionalgruppen Osten, S\u00fcden, Westen, Norden und Mitte. Wir sind bisher in folgenden St\u00e4dten vertreten: Osten: Berlin, Leipzig S\u00fcden: M\u00fcnchen, [&hellip;]<\/p>\n","protected":false},"author":2,"featured_media":12998,"parent":322,"menu_order":2,"comment_status":"closed","ping_status":"closed","template":"","meta":[],"yoast_head":"<!-- This site is optimized with the Yoast SEO plugin v20.0 - https:\/\/yoast.com\/wordpress\/plugins\/seo\/ -->\n<title>Regionalgruppen - Women Wage Peace<\/title>\n<meta name=\"robots\" content=\"index, follow, max-snippet:-1, max-image-preview:large, max-video-preview:-1\" \/>\n<link rel=\"canonical\" href=\"https:\/\/www.womenwagepeace.org.il\/en\/international-support\/regionalgruppen\/\" \/>\n<meta property=\"og:locale\" content=\"en_US\" \/>\n<meta property=\"og:type\" content=\"article\" \/>\n<meta property=\"og:title\" content=\"Regionalgruppen - Women Wage Peace\" \/>\n<meta property=\"og:description\" content=\"Mittlerweile gibt es 6 verschieden Regionalgruppen, in denen Frauen sich vernetzen und sich virtuell oder pers\u00f6nlich vor Ort austauschen. Es werden gemeinsame Aktivit\u00e4ten geplant und so ein enges pers\u00f6nliches Netz gekn\u00fcpft. In Deutschland gibt es die Regionalgruppen Osten, S\u00fcden, Westen, Norden und Mitte. Wir sind bisher in folgenden St\u00e4dten vertreten: Osten: Berlin, Leipzig S\u00fcden: M\u00fcnchen, [&hellip;]\" \/>\n<meta property=\"og:url\" content=\"https:\/\/www.womenwagepeace.org.il\/en\/international-support\/regionalgruppen\/\" \/>\n<meta property=\"og:site_name\" content=\"Women Wage Peace\" \/>\n<meta property=\"article:publisher\" content=\"https:\/\/www.facebook.com\/womenwagepeaceenglish\/\" \/>\n<meta property=\"article:modified_time\" content=\"2024-08-28T16:07:49+00:00\" \/>\n<meta property=\"og:image\" content=\"https:\/\/www.womenwagepeace.org.il\/en\/wp-content\/uploads\/Map_Germany_Lander-de.svg.png\" \/>\n\t<meta property=\"og:image:width\" content=\"1466\" \/>\n\t<meta property=\"og:image:height\" content=\"2047\" \/>\n\t<meta property=\"og:image:type\" content=\"image\/png\" \/>\n<meta name=\"twitter:card\" content=\"summary_large_image\" \/>\n<meta name=\"twitter:site\" content=\"@WomenWagePeace\" \/>\n<meta name=\"twitter:label1\" content=\"Est. reading time\" \/>\n\t<meta name=\"twitter:data1\" content=\"1 minute\" \/>\n<script type=\"application\/ld+json\" class=\"yoast-schema-graph\">{\"@context\":\"https:\/\/schema.org\",\"@graph\":[{\"@type\":\"WebPage\",\"@id\":\"https:\/\/www.womenwagepeace.org.il\/en\/international-support\/regionalgruppen\/\",\"url\":\"https:\/\/www.womenwagepeace.org.il\/en\/international-support\/regionalgruppen\/\",\"name\":\"Regionalgruppen - Women Wage Peace\",\"isPartOf\":{\"@id\":\"https:\/\/www.womenwagepeace.org.il\/en\/#website\"},\"datePublished\":\"2024-05-23T16:00:35+00:00\",\"dateModified\":\"2024-08-28T16:07:49+00:00\",\"breadcrumb\":{\"@id\":\"https:\/\/www.womenwagepeace.org.il\/en\/international-support\/regionalgruppen\/#breadcrumb\"},\"inLanguage\":\"en\",\"potentialAction\":[{\"@type\":\"ReadAction\",\"target\":[\"https:\/\/www.womenwagepeace.org.il\/en\/international-support\/regionalgruppen\/\"]}]},{\"@type\":\"BreadcrumbList\",\"@id\":\"https:\/\/www.womenwagepeace.org.il\/en\/international-support\/regionalgruppen\/#breadcrumb\",\"itemListElement\":[{\"@type\":\"ListItem\",\"position\":1,\"name\":\"Home\",\"item\":\"https:\/\/www.womenwagepeace.org.il\/en\/\"},{\"@type\":\"ListItem\",\"position\":2,\"name\":\"International Support\",\"item\":\"https:\/\/www.womenwagepeace.org.il\/en\/international-support\/\"},{\"@type\":\"ListItem\",\"position\":3,\"name\":\"Regionalgruppen\"}]},{\"@type\":\"WebSite\",\"@id\":\"https:\/\/www.womenwagepeace.org.il\/en\/#website\",\"url\":\"https:\/\/www.womenwagepeace.org.il\/en\/\",\"name\":\"Women Wage Peace\",\"description\":\"English website\",\"publisher\":{\"@id\":\"https:\/\/www.womenwagepeace.org.il\/en\/#organization\"},\"potentialAction\":[{\"@type\":\"SearchAction\",\"target\":{\"@type\":\"EntryPoint\",\"urlTemplate\":\"https:\/\/www.womenwagepeace.org.il\/en\/?s={search_term_string}\"},\"query-input\":\"required name=search_term_string\"}],\"inLanguage\":\"en\"},{\"@type\":\"Organization\",\"@id\":\"https:\/\/www.womenwagepeace.org.il\/en\/#organization\",\"name\":\"Women Wage Peace\",\"url\":\"https:\/\/www.womenwagepeace.org.il\/en\/\",\"logo\":{\"@type\":\"ImageObject\",\"inLanguage\":\"en\",\"@id\":\"https:\/\/www.womenwagepeace.org.il\/en\/#\/schema\/logo\/image\/\",\"url\":\"https:\/\/www.womenwagepeace.org.il\/en\/wp-content\/uploads\/logo.png\",\"contentUrl\":\"https:\/\/www.womenwagepeace.org.il\/en\/wp-content\/uploads\/logo.png\",\"width\":242,\"height\":108,\"caption\":\"Women Wage Peace\"},\"image\":{\"@id\":\"https:\/\/www.womenwagepeace.org.il\/en\/#\/schema\/logo\/image\/\"},\"sameAs\":[\"https:\/\/www.facebook.com\/womenwagepeaceenglish\/\",\"https:\/\/twitter.com\/WomenWagePeace\"]}]}<\/script>\n<!-- \/ Yoast SEO plugin. -->","yoast_head_json":{"title":"Regionalgruppen - Women Wage Peace","robots":{"index":"index","follow":"follow","max-snippet":"max-snippet:-1","max-image-preview":"max-image-preview:large","max-video-preview":"max-video-preview:-1"},"canonical":"https:\/\/www.womenwagepeace.org.il\/en\/international-support\/regionalgruppen\/","og_locale":"en_US","og_type":"article","og_title":"Regionalgruppen - Women Wage Peace","og_description":"Mittlerweile gibt es 6 verschieden Regionalgruppen, in denen Frauen sich vernetzen und sich virtuell oder pers\u00f6nlich vor Ort austauschen. Es werden gemeinsame Aktivit\u00e4ten geplant und so ein enges pers\u00f6nliches Netz gekn\u00fcpft. In Deutschland gibt es die Regionalgruppen Osten, S\u00fcden, Westen, Norden und Mitte. Wir sind bisher in folgenden St\u00e4dten vertreten: Osten: Berlin, Leipzig S\u00fcden: M\u00fcnchen, [&hellip;]","og_url":"https:\/\/www.womenwagepeace.org.il\/en\/international-support\/regionalgruppen\/","og_site_name":"Women Wage Peace","article_publisher":"https:\/\/www.facebook.com\/womenwagepeaceenglish\/","article_modified_time":"2024-08-28T16:07:49+00:00","og_image":[{"width":1466,"height":2047,"url":"https:\/\/www.womenwagepeace.org.il\/en\/wp-content\/uploads\/Map_Germany_Lander-de.svg.png","type":"image\/png"}],"twitter_card":"summary_large_image","twitter_site":"@WomenWagePeace","twitter_misc":{"Est. reading time":"1 minute"},"schema":{"@context":"https:\/\/schema.org","@graph":[{"@type":"WebPage","@id":"https:\/\/www.womenwagepeace.org.il\/en\/international-support\/regionalgruppen\/","url":"https:\/\/www.womenwagepeace.org.il\/en\/international-support\/regionalgruppen\/","name":"Regionalgruppen - Women Wage Peace","isPartOf":{"@id":"https:\/\/www.womenwagepeace.org.il\/en\/#website"},"datePublished":"2024-05-23T16:00:35+00:00","dateModified":"2024-08-28T16:07:49+00:00","breadcrumb":{"@id":"https:\/\/www.womenwagepeace.org.il\/en\/international-support\/regionalgruppen\/#breadcrumb"},"inLanguage":"en","potentialAction":[{"@type":"ReadAction","target":["https:\/\/www.womenwagepeace.org.il\/en\/international-support\/regionalgruppen\/"]}]},{"@type":"BreadcrumbList","@id":"https:\/\/www.womenwagepeace.org.il\/en\/international-support\/regionalgruppen\/#breadcrumb","itemListElement":[{"@type":"ListItem","position":1,"name":"Home","item":"https:\/\/www.womenwagepeace.org.il\/en\/"},{"@type":"ListItem","position":2,"name":"International Support","item":"https:\/\/www.womenwagepeace.org.il\/en\/international-support\/"},{"@type":"ListItem","position":3,"name":"Regionalgruppen"}]},{"@type":"WebSite","@id":"https:\/\/www.womenwagepeace.org.il\/en\/#website","url":"https:\/\/www.womenwagepeace.org.il\/en\/","name":"Women Wage Peace","description":"English website","publisher":{"@id":"https:\/\/www.womenwagepeace.org.il\/en\/#organization"},"potentialAction":[{"@type":"SearchAction","target":{"@type":"EntryPoint","urlTemplate":"https:\/\/www.womenwagepeace.org.il\/en\/?s={search_term_string}"},"query-input":"required name=search_term_string"}],"inLanguage":"en"},{"@type":"Organization","@id":"https:\/\/www.womenwagepeace.org.il\/en\/#organization","name":"Women Wage Peace","url":"https:\/\/www.womenwagepeace.org.il\/en\/","logo":{"@type":"ImageObject","inLanguage":"en","@id":"https:\/\/www.womenwagepeace.org.il\/en\/#\/schema\/logo\/image\/","url":"https:\/\/www.womenwagepeace.org.il\/en\/wp-content\/uploads\/logo.png","contentUrl":"https:\/\/www.womenwagepeace.org.il\/en\/wp-content\/uploads\/logo.png","width":242,"height":108,"caption":"Women Wage Peace"},"image":{"@id":"https:\/\/www.womenwagepeace.org.il\/en\/#\/schema\/logo\/image\/"},"sameAs":["https:\/\/www.facebook.com\/womenwagepeaceenglish\/","https:\/\/twitter.com\/WomenWagePeace"]}]}},"_links":{"self":[{"href":"https:\/\/www.womenwagepeace.org.il\/en\/wp-json\/wp\/v2\/pages\/12996"}],"collection":[{"href":"https:\/\/www.womenwagepeace.org.il\/en\/wp-json\/wp\/v2\/pages"}],"about":[{"href":"https:\/\/www.womenwagepeace.org.il\/en\/wp-json\/wp\/v2\/types\/page"}],"author":[{"embeddable":true,"href":"https:\/\/www.womenwagepeace.org.il\/en\/wp-json\/wp\/v2\/users\/2"}],"replies":[{"embeddable":true,"href":"https:\/\/www.womenwagepeace.org.il\/en\/wp-json\/wp\/v2\/comments?post=12996"}],"version-history":[{"count":8,"href":"https:\/\/www.womenwagepeace.org.il\/en\/wp-json\/wp\/v2\/pages\/12996\/revisions"}],"predecessor-version":[{"id":13398,"href":"https:\/\/www.womenwagepeace.org.il\/en\/wp-json\/wp\/v2\/pages\/12996\/revisions\/13398"}],"up":[{"embeddable":true,"href":"https:\/\/www.womenwagepeace.org.il\/en\/wp-json\/wp\/v2\/pages\/322"}],"wp:featuredmedia":[{"embeddable":true,"href":"https:\/\/www.womenwagepeace.org.il\/en\/wp-json\/wp\/v2\/media\/12998"}],"wp:attachment":[{"href":"https:\/\/www.womenwagepeace.org.il\/en\/wp-json\/wp\/v2\/media?parent=12996"}],"curies":[{"name":"wp","href":"https:\/\/api.w.org\/{rel}","templated":true}]}}