{"id":12990,"date":"2024-05-23T15:17:09","date_gmt":"2024-05-23T15:17:09","guid":{"rendered":"https:\/\/www.womenwagepeace.org.il\/en\/?page_id=12990"},"modified":"2024-05-26T14:05:46","modified_gmt":"2024-05-26T14:05:46","slug":"wer-wir-sind","status":"publish","type":"page","link":"https:\/\/www.womenwagepeace.org.il\/en\/international-support\/wer-wir-sind\/","title":{"rendered":"Wer wir sind"},"content":{"rendered":"\t\t<div data-elementor-type=\"wp-page\" data-elementor-id=\"12990\" class=\"elementor elementor-12990\" data-elementor-post-type=\"page\">\n\t\t\t\t\t\t<section class=\"elementor-section elementor-top-section elementor-element elementor-element-dca7f90 elementor-section-boxed elementor-section-height-default elementor-section-height-default\" data-id=\"dca7f90\" data-element_type=\"section\">\n\t\t\t\t\t\t<div class=\"elementor-container elementor-column-gap-default\">\n\t\t\t\t\t<div class=\"elementor-column elementor-col-100 elementor-top-column elementor-element elementor-element-a8521f4\" data-id=\"a8521f4\" data-element_type=\"column\">\n\t\t\t<div class=\"elementor-widget-wrap elementor-element-populated\">\n\t\t\t\t\t\t<div class=\"elementor-element elementor-element-f5127d2 elementor-widget elementor-widget-text-editor\" data-id=\"f5127d2\" data-element_type=\"widget\" data-widget_type=\"text-editor.default\">\n\t\t\t\t<div class=\"elementor-widget-container\">\n\t\t\t<style>\/*! elementor - v3.20.0 - 26-03-2024 *\/\n.elementor-widget-text-editor.elementor-drop-cap-view-stacked .elementor-drop-cap{background-color:#69727d;color:#fff}.elementor-widget-text-editor.elementor-drop-cap-view-framed .elementor-drop-cap{color:#69727d;border:3px solid;background-color:transparent}.elementor-widget-text-editor:not(.elementor-drop-cap-view-default) .elementor-drop-cap{margin-top:8px}.elementor-widget-text-editor:not(.elementor-drop-cap-view-default) .elementor-drop-cap-letter{width:1em;height:1em}.elementor-widget-text-editor .elementor-drop-cap{float:left;text-align:center;line-height:1;font-size:50px}.elementor-widget-text-editor .elementor-drop-cap-letter{display:inline-block}<\/style>\t\t\t\t<p><b>Unterst\u00fctzergruppe Women Wage Peace \/ Women of the Sun<\/b> <b>deutschsprachiger Raum<\/b><\/p><p><b>Herzlich Willkommen, wir freuen uns \u00fcber dein Interesse!<\/b><\/p><p><span style=\"font-weight: 400;\">Wir sind eine im Wachsen begriffene Gemeinschaft von engagierten Frauen, M\u00fcttern, Gro\u00dfm\u00fcttern und zurzeit zwei M\u00e4nnern. Wir f\u00fchlen uns mit Israel\/ Pal\u00e4stina und den dort lebenden Menschen auf unterschiedliche Weise im Herzen verbunden.\u00a0<\/span><\/p><p><span style=\"font-weight: 400;\">Wir sind Lernende auf diesem Weg und bereit, uns den Anforderungen dieser neuen Aufgabe zu stellen.<\/span><\/p><p><span style=\"font-weight: 400;\">Wir sind<\/span><b> KEINE<\/b><span style=\"font-weight: 400;\"> politische Initiative, sondern setzen uns gem\u00e4\u00df unsere inneren Haltung F\u00dcR etwas ein, richten unseren Focus auf den Frieden und auf die formulierten Ziele von Women Wage Peace und Women of the Sun.<\/span><\/p><p><span style=\"font-weight: 400;\">Wir sind der \u00dcberzeugung, dass Dialog, Zusammenarbeit, Akzeptanz und Respekt Schl\u00fcsselfaktoren f\u00fcr nachhaltige Ver\u00e4nderungen sind.<\/span><\/p>\t\t\t\t\t\t<\/div>\n\t\t\t\t<\/div>\n\t\t\t\t\t<\/div>\n\t\t<\/div>\n\t\t\t\t\t<\/div>\n\t\t<\/section>\n\t\t\t\t<\/div>\n\t\t","protected":false},"excerpt":{"rendered":"<p>Unterst\u00fctzergruppe Women Wage Peace \/ Women of the Sun deutschsprachiger Raum Herzlich Willkommen, wir freuen uns \u00fcber dein Interesse! Wir sind eine im Wachsen begriffene Gemeinschaft von engagierten Frauen, M\u00fcttern, Gro\u00dfm\u00fcttern und zurzeit zwei M\u00e4nnern. Wir f\u00fchlen uns mit Israel\/ Pal\u00e4stina und den dort lebenden Menschen auf unterschiedliche Weise im Herzen verbunden.&nbsp; Wir sind Lernende [&hellip;]<\/p>\n","protected":false},"author":2,"featured_media":13101,"parent":322,"menu_order":1,"comment_status":"closed","ping_status":"closed","template":"","meta":[],"yoast_head":"<!-- This site is optimized with the Yoast SEO plugin v20.0 - https:\/\/yoast.com\/wordpress\/plugins\/seo\/ -->\n<title>Wer wir sind - Women Wage Peace<\/title>\n<meta name=\"robots\" content=\"index, follow, max-snippet:-1, max-image-preview:large, max-video-preview:-1\" \/>\n<link rel=\"canonical\" href=\"https:\/\/www.womenwagepeace.org.il\/en\/international-support\/wer-wir-sind\/\" \/>\n<meta property=\"og:locale\" content=\"en_US\" \/>\n<meta property=\"og:type\" content=\"article\" \/>\n<meta property=\"og:title\" content=\"Wer wir sind - Women Wage Peace\" \/>\n<meta property=\"og:description\" content=\"Unterst\u00fctzergruppe Women Wage Peace \/ Women of the Sun deutschsprachiger Raum Herzlich Willkommen, wir freuen uns \u00fcber dein Interesse! Wir sind eine im Wachsen begriffene Gemeinschaft von engagierten Frauen, M\u00fcttern, Gro\u00dfm\u00fcttern und zurzeit zwei M\u00e4nnern. Wir f\u00fchlen uns mit Israel\/ Pal\u00e4stina und den dort lebenden Menschen auf unterschiedliche Weise im Herzen verbunden.&nbsp; Wir sind Lernende [&hellip;]\" \/>\n<meta property=\"og:url\" content=\"https:\/\/www.womenwagepeace.org.il\/en\/international-support\/wer-wir-sind\/\" \/>\n<meta property=\"og:site_name\" content=\"Women Wage Peace\" \/>\n<meta property=\"article:publisher\" content=\"https:\/\/www.facebook.com\/womenwagepeaceenglish\/\" \/>\n<meta property=\"article:modified_time\" content=\"2024-05-26T14:05:46+00:00\" \/>\n<meta property=\"og:image\" content=\"https:\/\/www.womenwagepeace.org.il\/en\/wp-content\/uploads\/Picture1-higherres.jpg\" \/>\n\t<meta property=\"og:image:width\" content=\"2108\" \/>\n\t<meta property=\"og:image:height\" content=\"1187\" \/>\n\t<meta property=\"og:image:type\" content=\"image\/jpeg\" \/>\n<meta name=\"twitter:card\" content=\"summary_large_image\" \/>\n<meta name=\"twitter:site\" content=\"@WomenWagePeace\" \/>\n<meta name=\"twitter:label1\" content=\"Est. reading time\" \/>\n\t<meta name=\"twitter:data1\" content=\"1 minute\" \/>\n<script type=\"application\/ld+json\" class=\"yoast-schema-graph\">{\"@context\":\"https:\/\/schema.org\",\"@graph\":[{\"@type\":\"WebPage\",\"@id\":\"https:\/\/www.womenwagepeace.org.il\/en\/international-support\/wer-wir-sind\/\",\"url\":\"https:\/\/www.womenwagepeace.org.il\/en\/international-support\/wer-wir-sind\/\",\"name\":\"Wer wir sind - Women Wage Peace\",\"isPartOf\":{\"@id\":\"https:\/\/www.womenwagepeace.org.il\/en\/#website\"},\"datePublished\":\"2024-05-23T15:17:09+00:00\",\"dateModified\":\"2024-05-26T14:05:46+00:00\",\"breadcrumb\":{\"@id\":\"https:\/\/www.womenwagepeace.org.il\/en\/international-support\/wer-wir-sind\/#breadcrumb\"},\"inLanguage\":\"en\",\"potentialAction\":[{\"@type\":\"ReadAction\",\"target\":[\"https:\/\/www.womenwagepeace.org.il\/en\/international-support\/wer-wir-sind\/\"]}]},{\"@type\":\"BreadcrumbList\",\"@id\":\"https:\/\/www.womenwagepeace.org.il\/en\/international-support\/wer-wir-sind\/#breadcrumb\",\"itemListElement\":[{\"@type\":\"ListItem\",\"position\":1,\"name\":\"Home\",\"item\":\"https:\/\/www.womenwagepeace.org.il\/en\/\"},{\"@type\":\"ListItem\",\"position\":2,\"name\":\"International Support\",\"item\":\"https:\/\/www.womenwagepeace.org.il\/en\/international-support\/\"},{\"@type\":\"ListItem\",\"position\":3,\"name\":\"Wer wir sind\"}]},{\"@type\":\"WebSite\",\"@id\":\"https:\/\/www.womenwagepeace.org.il\/en\/#website\",\"url\":\"https:\/\/www.womenwagepeace.org.il\/en\/\",\"name\":\"Women Wage Peace\",\"description\":\"English website\",\"publisher\":{\"@id\":\"https:\/\/www.womenwagepeace.org.il\/en\/#organization\"},\"potentialAction\":[{\"@type\":\"SearchAction\",\"target\":{\"@type\":\"EntryPoint\",\"urlTemplate\":\"https:\/\/www.womenwagepeace.org.il\/en\/?s={search_term_string}\"},\"query-input\":\"required name=search_term_string\"}],\"inLanguage\":\"en\"},{\"@type\":\"Organization\",\"@id\":\"https:\/\/www.womenwagepeace.org.il\/en\/#organization\",\"name\":\"Women Wage Peace\",\"url\":\"https:\/\/www.womenwagepeace.org.il\/en\/\",\"logo\":{\"@type\":\"ImageObject\",\"inLanguage\":\"en\",\"@id\":\"https:\/\/www.womenwagepeace.org.il\/en\/#\/schema\/logo\/image\/\",\"url\":\"https:\/\/www.womenwagepeace.org.il\/en\/wp-content\/uploads\/logo.png\",\"contentUrl\":\"https:\/\/www.womenwagepeace.org.il\/en\/wp-content\/uploads\/logo.png\",\"width\":242,\"height\":108,\"caption\":\"Women Wage Peace\"},\"image\":{\"@id\":\"https:\/\/www.womenwagepeace.org.il\/en\/#\/schema\/logo\/image\/\"},\"sameAs\":[\"https:\/\/www.facebook.com\/womenwagepeaceenglish\/\",\"https:\/\/twitter.com\/WomenWagePeace\"]}]}<\/script>\n<!-- \/ Yoast SEO plugin. -->","yoast_head_json":{"title":"Wer wir sind - Women Wage Peace","robots":{"index":"index","follow":"follow","max-snippet":"max-snippet:-1","max-image-preview":"max-image-preview:large","max-video-preview":"max-video-preview:-1"},"canonical":"https:\/\/www.womenwagepeace.org.il\/en\/international-support\/wer-wir-sind\/","og_locale":"en_US","og_type":"article","og_title":"Wer wir sind - Women Wage Peace","og_description":"Unterst\u00fctzergruppe Women Wage Peace \/ Women of the Sun deutschsprachiger Raum Herzlich Willkommen, wir freuen uns \u00fcber dein Interesse! Wir sind eine im Wachsen begriffene Gemeinschaft von engagierten Frauen, M\u00fcttern, Gro\u00dfm\u00fcttern und zurzeit zwei M\u00e4nnern. Wir f\u00fchlen uns mit Israel\/ Pal\u00e4stina und den dort lebenden Menschen auf unterschiedliche Weise im Herzen verbunden.&nbsp; Wir sind Lernende [&hellip;]","og_url":"https:\/\/www.womenwagepeace.org.il\/en\/international-support\/wer-wir-sind\/","og_site_name":"Women Wage Peace","article_publisher":"https:\/\/www.facebook.com\/womenwagepeaceenglish\/","article_modified_time":"2024-05-26T14:05:46+00:00","og_image":[{"width":2108,"height":1187,"url":"https:\/\/www.womenwagepeace.org.il\/en\/wp-content\/uploads\/Picture1-higherres.jpg","type":"image\/jpeg"}],"twitter_card":"summary_large_image","twitter_site":"@WomenWagePeace","twitter_misc":{"Est. reading time":"1 minute"},"schema":{"@context":"https:\/\/schema.org","@graph":[{"@type":"WebPage","@id":"https:\/\/www.womenwagepeace.org.il\/en\/international-support\/wer-wir-sind\/","url":"https:\/\/www.womenwagepeace.org.il\/en\/international-support\/wer-wir-sind\/","name":"Wer wir sind - Women Wage Peace","isPartOf":{"@id":"https:\/\/www.womenwagepeace.org.il\/en\/#website"},"datePublished":"2024-05-23T15:17:09+00:00","dateModified":"2024-05-26T14:05:46+00:00","breadcrumb":{"@id":"https:\/\/www.womenwagepeace.org.il\/en\/international-support\/wer-wir-sind\/#breadcrumb"},"inLanguage":"en","potentialAction":[{"@type":"ReadAction","target":["https:\/\/www.womenwagepeace.org.il\/en\/international-support\/wer-wir-sind\/"]}]},{"@type":"BreadcrumbList","@id":"https:\/\/www.womenwagepeace.org.il\/en\/international-support\/wer-wir-sind\/#breadcrumb","itemListElement":[{"@type":"ListItem","position":1,"name":"Home","item":"https:\/\/www.womenwagepeace.org.il\/en\/"},{"@type":"ListItem","position":2,"name":"International Support","item":"https:\/\/www.womenwagepeace.org.il\/en\/international-support\/"},{"@type":"ListItem","position":3,"name":"Wer wir sind"}]},{"@type":"WebSite","@id":"https:\/\/www.womenwagepeace.org.il\/en\/#website","url":"https:\/\/www.womenwagepeace.org.il\/en\/","name":"Women Wage Peace","description":"English website","publisher":{"@id":"https:\/\/www.womenwagepeace.org.il\/en\/#organization"},"potentialAction":[{"@type":"SearchAction","target":{"@type":"EntryPoint","urlTemplate":"https:\/\/www.womenwagepeace.org.il\/en\/?s={search_term_string}"},"query-input":"required name=search_term_string"}],"inLanguage":"en"},{"@type":"Organization","@id":"https:\/\/www.womenwagepeace.org.il\/en\/#organization","name":"Women Wage Peace","url":"https:\/\/www.womenwagepeace.org.il\/en\/","logo":{"@type":"ImageObject","inLanguage":"en","@id":"https:\/\/www.womenwagepeace.org.il\/en\/#\/schema\/logo\/image\/","url":"https:\/\/www.womenwagepeace.org.il\/en\/wp-content\/uploads\/logo.png","contentUrl":"https:\/\/www.womenwagepeace.org.il\/en\/wp-content\/uploads\/logo.png","width":242,"height":108,"caption":"Women Wage Peace"},"image":{"@id":"https:\/\/www.womenwagepeace.org.il\/en\/#\/schema\/logo\/image\/"},"sameAs":["https:\/\/www.facebook.com\/womenwagepeaceenglish\/","https:\/\/twitter.com\/WomenWagePeace"]}]}},"_links":{"self":[{"href":"https:\/\/www.womenwagepeace.org.il\/en\/wp-json\/wp\/v2\/pages\/12990"}],"collection":[{"href":"https:\/\/www.womenwagepeace.org.il\/en\/wp-json\/wp\/v2\/pages"}],"about":[{"href":"https:\/\/www.womenwagepeace.org.il\/en\/wp-json\/wp\/v2\/types\/page"}],"author":[{"embeddable":true,"href":"https:\/\/www.womenwagepeace.org.il\/en\/wp-json\/wp\/v2\/users\/2"}],"replies":[{"embeddable":true,"href":"https:\/\/www.womenwagepeace.org.il\/en\/wp-json\/wp\/v2\/comments?post=12990"}],"version-history":[{"count":9,"href":"https:\/\/www.womenwagepeace.org.il\/en\/wp-json\/wp\/v2\/pages\/12990\/revisions"}],"predecessor-version":[{"id":13103,"href":"https:\/\/www.womenwagepeace.org.il\/en\/wp-json\/wp\/v2\/pages\/12990\/revisions\/13103"}],"up":[{"embeddable":true,"href":"https:\/\/www.womenwagepeace.org.il\/en\/wp-json\/wp\/v2\/pages\/322"}],"wp:featuredmedia":[{"embeddable":true,"href":"https:\/\/www.womenwagepeace.org.il\/en\/wp-json\/wp\/v2\/media\/13101"}],"wp:attachment":[{"href":"https:\/\/www.womenwagepeace.org.il\/en\/wp-json\/wp\/v2\/media?parent=12990"}],"curies":[{"name":"wp","href":"https:\/\/api.w.org\/{rel}","templated":true}]}}